{"id":5,"date":"2019-01-07T12:07:57","date_gmt":"2019-01-07T11:07:57","guid":{"rendered":"http:\/\/newsletter.ux.opi.org.pl\/?page_id=5"},"modified":"2019-09-03T08:53:53","modified_gmt":"2019-09-03T06:53:53","slug":"newsletter","status":"publish","type":"page","link":"https:\/\/newsletter.ux.opi.org.pl\/","title":{"rendered":"Poprawnie wypisano z newslettera."},"content":{"rendered":"\n<p>Dzi\u0119kujemy, \u017ce by\u0142e\u015b\/a\u015b z nami!<\/p>\n","protected":false},"excerpt":{"rendered":"<p>Dzi\u0119kujemy, \u017ce by\u0142e\u015b\/a\u015b z nami!<\/p>\n","protected":false},"author":11,"featured_media":0,"parent":0,"menu_order":0,"comment_status":"closed","ping_status":"closed","template":"","meta":{"footnotes":""},"class_list":["post-5","page","type-page","status-publish","hentry"],"_links":{"self":[{"href":"https:\/\/newsletter.ux.opi.org.pl\/index.php?rest_route=\/wp\/v2\/pages\/5","targetHints":{"allow":["GET"]}}],"collection":[{"href":"https:\/\/newsletter.ux.opi.org.pl\/index.php?rest_route=\/wp\/v2\/pages"}],"about":[{"href":"https:\/\/newsletter.ux.opi.org.pl\/index.php?rest_route=\/wp\/v2\/types\/page"}],"author":[{"embeddable":true,"href":"https:\/\/newsletter.ux.opi.org.pl\/index.php?rest_route=\/wp\/v2\/users\/11"}],"replies":[{"embeddable":true,"href":"https:\/\/newsletter.ux.opi.org.pl\/index.php?rest_route=%2Fwp%2Fv2%2Fcomments&post=5"}],"version-history":[{"count":2,"href":"https:\/\/newsletter.ux.opi.org.pl\/index.php?rest_route=\/wp\/v2\/pages\/5\/revisions"}],"predecessor-version":[{"id":26,"href":"https:\/\/newsletter.ux.opi.org.pl\/index.php?rest_route=\/wp\/v2\/pages\/5\/revisions\/26"}],"wp:attachment":[{"href":"https:\/\/newsletter.ux.opi.org.pl\/index.php?rest_route=%2Fwp%2Fv2%2Fmedia&parent=5"}],"curies":[{"name":"wp","href":"https:\/\/api.w.org\/{rel}","templated":true}]}}